{"id":23,"date":"2022-12-11T19:00:04","date_gmt":"2022-12-11T18:00:04","guid":{"rendered":"https:\/\/wp.addi.ch:5543\/?page_id=23"},"modified":"2024-04-28T10:59:24","modified_gmt":"2024-04-28T08:59:24","slug":"newsletter","status":"publish","type":"page","link":"https:\/\/www.pommethaifood.ch\/en\/newsletter\/","title":{"rendered":"newsletter"},"content":{"rendered":"<div class=\"wp-block-cover is-light\" style=\"min-height:700px;aspect-ratio:unset;\"><span aria-hidden=\"true\" class=\"wp-block-cover__background has-tertiary-background-color has-background-dim-70 has-background-dim\"><\/span><img loading=\"lazy\" decoding=\"async\" width=\"1920\" height=\"1293\" class=\"wp-block-cover__image-background wp-image-464\" alt=\"Flaschenpost\" src=\"https:\/\/www.pommethaifood.ch\/wp-content\/uploads\/2023\/09\/message-in-a-bottle.jpg\" data-object-fit=\"cover\" srcset=\"https:\/\/www.pommethaifood.ch\/wp-content\/uploads\/2023\/09\/message-in-a-bottle.jpg 1920w, https:\/\/www.pommethaifood.ch\/wp-content\/uploads\/2023\/09\/message-in-a-bottle-300x202.jpg 300w, https:\/\/www.pommethaifood.ch\/wp-content\/uploads\/2023\/09\/message-in-a-bottle-1024x690.jpg 1024w, https:\/\/www.pommethaifood.ch\/wp-content\/uploads\/2023\/09\/message-in-a-bottle-768x517.jpg 768w, https:\/\/www.pommethaifood.ch\/wp-content\/uploads\/2023\/09\/message-in-a-bottle-1536x1034.jpg 1536w, https:\/\/www.pommethaifood.ch\/wp-content\/uploads\/2023\/09\/message-in-a-bottle-600x404.jpg 600w\" sizes=\"auto, (max-width: 1920px) 100vw, 1920px\" \/><div class=\"wp-block-cover__inner-container is-layout-flow wp-block-cover-is-layout-flow\">\n<blockquote class=\"wp-block-quote is-layout-flow wp-block-quote-is-layout-flow\">\n<p><\/p>\n<\/blockquote>\n\n\n\n<figure class=\"wp-block-pullquote\"><blockquote><p>\u201cEating together makes the food taste better. It also makes you closer friends.\u201d&nbsp;<\/p><\/blockquote><\/figure>\n\n\n\n<p>Please sign up for my weekly newsletter. Then I will send you my newest menus directly to your mailbox.<\/p>\n\n\n\n<div class=\"forminator-guttenberg\"><div class=\"forminator-ui forminator-custom-form forminator-custom-form-12 forminator-design--flat  forminator_ajax\" data-forminator-render=\"0\" data-form=\"forminator-module-12\" data-uid=\"69e0eff9a5dab\"><br\/><\/div><form\n\t\t\t\tid=\"forminator-module-12\"\n\t\t\t\tclass=\"forminator-ui forminator-custom-form forminator-custom-form-12 forminator-design--flat  forminator_ajax\"\n\t\t\t\tmethod=\"post\"\n\t\t\t\tdata-forminator-render=\"0\"\n\t\t\t\tdata-form-id=\"12\"\n\t\t\t\t data-color-option=\"default\" data-design=\"flat\" data-grid=\"open\" style=\"display: none;\"\n\t\t\t\tdata-uid=\"69e0eff9a5dab\" action=\"\"\n\t\t\t><div role=\"alert\" aria-live=\"polite\" class=\"forminator-response-message forminator-error\" aria-hidden=\"true\"><\/div><div class=\"forminator-row\"><div id=\"name-1\" class=\"forminator-field-name forminator-col forminator-col-12\"><div class=\"forminator-row forminator-no-margin\" data-multiple=\"true\"><div class=\"forminator-col forminator-col-md-6\"><div class=\"forminator-field\"><label for=\"forminator-field-first-name-1_69e0eff9a5dab\" id=\"forminator-field-first-name-1_69e0eff9a5dab-label\" class=\"forminator-label\">Firstname <span class=\"forminator-required\">*<\/span><\/label><input type=\"text\" name=\"name-1-first-name\" placeholder=\"\" id=\"forminator-field-first-name-1_69e0eff9a5dab\" class=\"forminator-input\" aria-required=\"true\" data-multi=\"1\" autocomplete=\"given-name\" value=\"\" \/><\/div><\/div><div class=\"forminator-col forminator-col-md-6\"><div class=\"forminator-field\"><label for=\"forminator-field-last-name-1_69e0eff9a5dab\" id=\"forminator-field-last-name-1_69e0eff9a5dab-label\" class=\"forminator-label\">Lastname <span class=\"forminator-required\">*<\/span><\/label><input type=\"text\" name=\"name-1-last-name\" placeholder=\"\" id=\"forminator-field-last-name-1_69e0eff9a5dab\" class=\"forminator-input\" aria-required=\"true\" data-multi=\"1\" autocomplete=\"family-name\" value=\"\" \/><\/div><\/div><\/div><\/div><\/div><div class=\"forminator-row\"><div id=\"email-1\" class=\"forminator-field-email forminator-col forminator-col-12\"><div class=\"forminator-field\"><label for=\"forminator-field-email-1_69e0eff9a5dab\" id=\"forminator-field-email-1_69e0eff9a5dab-label\" class=\"forminator-label\">Email address <span class=\"forminator-required\">*<\/span><\/label><input type=\"email\" name=\"email-1\" value=\"\" placeholder=\"\" id=\"forminator-field-email-1_69e0eff9a5dab\" class=\"forminator-input forminator-email--field\" data-required=\"true\" aria-required=\"true\" autocomplete=\"email\" \/><\/div><\/div><\/div><input type=\"hidden\" name=\"referer_url\" value=\"\" \/><script src=\"https:\/\/challenges.cloudflare.com\/turnstile\/v0\/api.js?render=explicit&amp;ver=6.9.4\" id=\"cfturnstile-js\"><\/script>\n<style>#cf-turnstile-fmntr-12 { margin-left: 0px !important; }<\/style>\t\t<div id=\"cf-turnstile-fmntr-12\"\r\n\t\tclass=\"cf-turnstile\" \t\tdata-sitekey=\"0x4AAAAAAAYc4QCeEUxg8Ln9\"\r\n\t\tdata-theme=\"light\"\r\n\t\tdata-language=\"auto\"\r\n\t\tdata-size=\"\"\r\n\t\tdata-retry=\"auto\" data-retry-interval=\"1000\"\r\n\t\tdata-refresh-expired=\"auto\"\r\n\t\tdata-refresh-timeout=\"auto\"\r\n\t\tdata-action=\"forminator-form-12\"\r\n\t\tdata-callback=\"turnstileForminatorCallback\"\r\n\t\t\t\tdata-appearance=\"always\"><\/div>\r\n\t\t\t<script>document.addEventListener(\"DOMContentLoaded\", function() { setTimeout(function(){ var e=document.getElementById(\"cf-turnstile-fmntr-12\"); if(e&&!e.innerHTML.trim()){turnstile.render(e, {sitekey:\"0x4AAAAAAAYc4QCeEUxg8Ln9\"});} }, 200); });<\/script>\r\n\t\t\t<br class=\"cf-turnstile-br cf-turnstile-br-fmntr-12\">\r\n\t\t\t\t<style>#cf-turnstile-fmntr-12 { margin-left: -15px; }<\/style>\r\n\t\t                        <script>\r\n            \/\/ On ajax.complete run turnstile.render if element is empty\r\n            jQuery(document).ajaxComplete(function() {\r\n                setTimeout(function() {\r\n                    if (document.getElementById('cf-turnstile-fmntr-12')) {\r\n                        if(!document.getElementById('cf-turnstile-fmntr-12').innerHTML.trim()) {\r\n                                turnstile.remove('#cf-turnstile-fmntr-12');\r\n                                turnstile.render('#cf-turnstile-fmntr-12');\r\n                        }\r\n                    }\r\n                }, 1000);\r\n            });\r\n            \/\/ Enable Submit Button Function\r\n            function turnstileForminatorCallback() {\r\n                document.querySelectorAll('.forminator-button, .forminator-button-submit').forEach(function(el) {\r\n                    el.style.pointerEvents = 'auto';\r\n                    el.style.opacity = '1';\r\n                });\r\n            }\r\n            \/\/ On submit re-render\r\n            jQuery(document).ready(function() {\r\n                jQuery('.forminator-custom-form').on('submit', function() {\r\n                    if(document.getElementById('cf-turnstile-fmntr-12')) {\r\n                        setTimeout(function() {\r\n                            turnstile.remove('#cf-turnstile-fmntr-12');\r\n                            turnstile.render('#cf-turnstile-fmntr-12');\r\n                        }, 1000);\r\n                    }\r\n                });\r\n            });\r\n            <\/script>\r\n                        <div class=\"forminator-row forminator-row-last\"><div class=\"forminator-col\"><div class=\"forminator-field\"><button class=\"forminator-button forminator-button-submit\">Subscribe<\/button><\/div><\/div><\/div><input type=\"hidden\" id=\"forminator_nonce\" name=\"forminator_nonce\" value=\"70011c1790\" \/><input type=\"hidden\" name=\"_wp_http_referer\" value=\"\/en\/wp-json\/wp\/v2\/pages\/23\" \/><input type=\"hidden\" name=\"form_id\" value=\"12\"><input type=\"hidden\" name=\"page_id\" value=\"23\"><input type=\"hidden\" name=\"form_type\" value=\"default\"><input type=\"hidden\" name=\"current_url\" value=\"https:\/\/www.pommethaifood.ch\/en\/newsletter\/\"><input type=\"hidden\" name=\"render_id\" value=\"0\"><input type=\"hidden\" name=\"action\" value=\"forminator_submit_form_custom-forms\"><input type=\"hidden\" name=\"trp-form-language\" value=\"en\"\/><\/form><\/div>\n<\/div><\/div>","protected":false},"excerpt":{"rendered":"","protected":false},"author":1,"featured_media":0,"parent":0,"menu_order":2,"comment_status":"closed","ping_status":"closed","template":"","meta":{"footnotes":""},"class_list":["post-23","page","type-page","status-publish","hentry"],"yoast_head":"<!-- This site is optimized with the Yoast SEO plugin v27.4 - https:\/\/yoast.com\/product\/yoast-seo-wordpress\/ -->\n<title>Pomme Thai Food - Newsletter<\/title>\n<meta name=\"description\" content=\"Bitte melden dich f\u00fcr meinen w\u00f6chentlichen Newsletter an. Dann schicke ich dir meine aktuellen Men\u00fcs direkt in deine Mailbox.\" \/>\n<meta name=\"robots\" content=\"index, follow, max-snippet:-1, max-image-preview:large, max-video-preview:-1\" \/>\n<link rel=\"canonical\" href=\"https:\/\/www.pommethaifood.ch\/en\/newsletter\/\" \/>\n<meta property=\"og:locale\" content=\"en_US\" \/>\n<meta property=\"og:type\" content=\"article\" \/>\n<meta property=\"og:title\" content=\"Pomme Thai Food - Newsletter\" \/>\n<meta property=\"og:description\" content=\"Bitte melden dich f\u00fcr meinen w\u00f6chentlichen Newsletter an. Dann schicke ich dir meine aktuellen Men\u00fcs direkt in deine Mailbox.\" \/>\n<meta property=\"og:url\" content=\"https:\/\/www.pommethaifood.ch\/en\/newsletter\/\" \/>\n<meta property=\"og:site_name\" content=\"Pomme Thai Food\" \/>\n<meta property=\"article:publisher\" content=\"https:\/\/www.facebook.com\/PommeThaiFood\" \/>\n<meta property=\"article:modified_time\" content=\"2024-04-28T08:59:24+00:00\" \/>\n<meta property=\"og:image\" content=\"https:\/\/www.pommethaifood.ch\/wp-content\/uploads\/2023\/09\/message-in-a-bottle.jpg\" \/>\n<meta name=\"twitter:card\" content=\"summary_large_image\" \/>\n<meta name=\"twitter:label1\" content=\"Est. reading time\" \/>\n\t<meta name=\"twitter:data1\" content=\"1 minute\" \/>\n<script type=\"application\/ld+json\" class=\"yoast-schema-graph\">{\"@context\":\"https:\\\/\\\/schema.org\",\"@graph\":[{\"@type\":\"WebPage\",\"@id\":\"https:\\\/\\\/www.pommethaifood.ch\\\/newsletter\\\/\",\"url\":\"https:\\\/\\\/www.pommethaifood.ch\\\/newsletter\\\/\",\"name\":\"Pomme Thai Food - Newsletter\",\"isPartOf\":{\"@id\":\"https:\\\/\\\/www.pommethaifood.ch\\\/#website\"},\"primaryImageOfPage\":{\"@id\":\"https:\\\/\\\/www.pommethaifood.ch\\\/newsletter\\\/#primaryimage\"},\"image\":{\"@id\":\"https:\\\/\\\/www.pommethaifood.ch\\\/newsletter\\\/#primaryimage\"},\"thumbnailUrl\":\"https:\\\/\\\/www.pommethaifood.ch\\\/wp-content\\\/uploads\\\/2023\\\/09\\\/message-in-a-bottle.jpg\",\"datePublished\":\"2022-12-11T18:00:04+00:00\",\"dateModified\":\"2024-04-28T08:59:24+00:00\",\"description\":\"Bitte melden dich f\u00fcr meinen w\u00f6chentlichen Newsletter an. Dann schicke ich dir meine aktuellen Men\u00fcs direkt in deine Mailbox.\",\"inLanguage\":\"en-US\",\"potentialAction\":[{\"@type\":\"ReadAction\",\"target\":[\"https:\\\/\\\/www.pommethaifood.ch\\\/newsletter\\\/\"]}]},{\"@type\":\"ImageObject\",\"inLanguage\":\"en-US\",\"@id\":\"https:\\\/\\\/www.pommethaifood.ch\\\/newsletter\\\/#primaryimage\",\"url\":\"https:\\\/\\\/www.pommethaifood.ch\\\/wp-content\\\/uploads\\\/2023\\\/09\\\/message-in-a-bottle.jpg\",\"contentUrl\":\"https:\\\/\\\/www.pommethaifood.ch\\\/wp-content\\\/uploads\\\/2023\\\/09\\\/message-in-a-bottle.jpg\"},{\"@type\":\"WebSite\",\"@id\":\"https:\\\/\\\/www.pommethaifood.ch\\\/#website\",\"url\":\"https:\\\/\\\/www.pommethaifood.ch\\\/\",\"name\":\"Pomme Thai Food\",\"description\":\"\",\"publisher\":{\"@id\":\"https:\\\/\\\/www.pommethaifood.ch\\\/#organization\"},\"potentialAction\":[{\"@type\":\"SearchAction\",\"target\":{\"@type\":\"EntryPoint\",\"urlTemplate\":\"https:\\\/\\\/www.pommethaifood.ch\\\/?s={search_term_string}\"},\"query-input\":{\"@type\":\"PropertyValueSpecification\",\"valueRequired\":true,\"valueName\":\"search_term_string\"}}],\"inLanguage\":\"en-US\"},{\"@type\":\"Organization\",\"@id\":\"https:\\\/\\\/www.pommethaifood.ch\\\/#organization\",\"name\":\"Pomme Thai Food\",\"url\":\"https:\\\/\\\/www.pommethaifood.ch\\\/\",\"logo\":{\"@type\":\"ImageObject\",\"inLanguage\":\"en-US\",\"@id\":\"https:\\\/\\\/www.pommethaifood.ch\\\/#\\\/schema\\\/logo\\\/image\\\/\",\"url\":\"https:\\\/\\\/www.pommethaifood.ch\\\/wp-content\\\/uploads\\\/2023\\\/09\\\/logo-250.png\",\"contentUrl\":\"https:\\\/\\\/www.pommethaifood.ch\\\/wp-content\\\/uploads\\\/2023\\\/09\\\/logo-250.png\",\"width\":250,\"height\":239,\"caption\":\"Pomme Thai Food\"},\"image\":{\"@id\":\"https:\\\/\\\/www.pommethaifood.ch\\\/#\\\/schema\\\/logo\\\/image\\\/\"},\"sameAs\":[\"https:\\\/\\\/www.facebook.com\\\/PommeThaiFood\"]}]}<\/script>\n<!-- \/ Yoast SEO plugin. -->","yoast_head_json":{"title":"Pomme Thai Food - Newsletter","description":"Please sign up for my weekly newsletter. Then I will send you my newest menus directly to your mailbox.","robots":{"index":"index","follow":"follow","max-snippet":"max-snippet:-1","max-image-preview":"max-image-preview:large","max-video-preview":"max-video-preview:-1"},"canonical":"https:\/\/www.pommethaifood.ch\/en\/newsletter\/","og_locale":"en_US","og_type":"article","og_title":"Pomme Thai Food - Newsletter","og_description":"Bitte melden dich f\u00fcr meinen w\u00f6chentlichen Newsletter an. Dann schicke ich dir meine aktuellen Men\u00fcs direkt in deine Mailbox.","og_url":"https:\/\/www.pommethaifood.ch\/en\/newsletter\/","og_site_name":"Pomme Thai Food","article_publisher":"https:\/\/www.facebook.com\/PommeThaiFood","article_modified_time":"2024-04-28T08:59:24+00:00","og_image":[{"url":"https:\/\/www.pommethaifood.ch\/wp-content\/uploads\/2023\/09\/message-in-a-bottle.jpg","type":"","width":"","height":""}],"twitter_card":"summary_large_image","twitter_misc":{"Est. reading time":"1 minute"},"schema":{"@context":"https:\/\/schema.org","@graph":[{"@type":"WebPage","@id":"https:\/\/www.pommethaifood.ch\/newsletter\/","url":"https:\/\/www.pommethaifood.ch\/newsletter\/","name":"Pomme Thai Food - Newsletter","isPartOf":{"@id":"https:\/\/www.pommethaifood.ch\/#website"},"primaryImageOfPage":{"@id":"https:\/\/www.pommethaifood.ch\/newsletter\/#primaryimage"},"image":{"@id":"https:\/\/www.pommethaifood.ch\/newsletter\/#primaryimage"},"thumbnailUrl":"https:\/\/www.pommethaifood.ch\/wp-content\/uploads\/2023\/09\/message-in-a-bottle.jpg","datePublished":"2022-12-11T18:00:04+00:00","dateModified":"2024-04-28T08:59:24+00:00","description":"Please sign up for my weekly newsletter. Then I will send you my newest menus directly to your mailbox.","inLanguage":"en-US","potentialAction":[{"@type":"ReadAction","target":["https:\/\/www.pommethaifood.ch\/newsletter\/"]}]},{"@type":"ImageObject","inLanguage":"en-US","@id":"https:\/\/www.pommethaifood.ch\/newsletter\/#primaryimage","url":"https:\/\/www.pommethaifood.ch\/wp-content\/uploads\/2023\/09\/message-in-a-bottle.jpg","contentUrl":"https:\/\/www.pommethaifood.ch\/wp-content\/uploads\/2023\/09\/message-in-a-bottle.jpg"},{"@type":"WebSite","@id":"https:\/\/www.pommethaifood.ch\/#website","url":"https:\/\/www.pommethaifood.ch\/","name":"Pomme Thai Food","description":"","publisher":{"@id":"https:\/\/www.pommethaifood.ch\/#organization"},"potentialAction":[{"@type":"SearchAction","target":{"@type":"EntryPoint","urlTemplate":"https:\/\/www.pommethaifood.ch\/?s={search_term_string}"},"query-input":{"@type":"PropertyValueSpecification","valueRequired":true,"valueName":"search_term_string"}}],"inLanguage":"en-US"},{"@type":"Organization","@id":"https:\/\/www.pommethaifood.ch\/#organization","name":"Pomme Thai Food","url":"https:\/\/www.pommethaifood.ch\/","logo":{"@type":"ImageObject","inLanguage":"en-US","@id":"https:\/\/www.pommethaifood.ch\/#\/schema\/logo\/image\/","url":"https:\/\/www.pommethaifood.ch\/wp-content\/uploads\/2023\/09\/logo-250.png","contentUrl":"https:\/\/www.pommethaifood.ch\/wp-content\/uploads\/2023\/09\/logo-250.png","width":250,"height":239,"caption":"Pomme Thai Food"},"image":{"@id":"https:\/\/www.pommethaifood.ch\/#\/schema\/logo\/image\/"},"sameAs":["https:\/\/www.facebook.com\/PommeThaiFood"]}]}},"_links":{"self":[{"href":"https:\/\/www.pommethaifood.ch\/en\/wp-json\/wp\/v2\/pages\/23","targetHints":{"allow":["GET"]}}],"collection":[{"href":"https:\/\/www.pommethaifood.ch\/en\/wp-json\/wp\/v2\/pages"}],"about":[{"href":"https:\/\/www.pommethaifood.ch\/en\/wp-json\/wp\/v2\/types\/page"}],"author":[{"embeddable":true,"href":"https:\/\/www.pommethaifood.ch\/en\/wp-json\/wp\/v2\/users\/1"}],"replies":[{"embeddable":true,"href":"https:\/\/www.pommethaifood.ch\/en\/wp-json\/wp\/v2\/comments?post=23"}],"version-history":[{"count":2,"href":"https:\/\/www.pommethaifood.ch\/en\/wp-json\/wp\/v2\/pages\/23\/revisions"}],"predecessor-version":[{"id":513,"href":"https:\/\/www.pommethaifood.ch\/en\/wp-json\/wp\/v2\/pages\/23\/revisions\/513"}],"wp:attachment":[{"href":"https:\/\/www.pommethaifood.ch\/en\/wp-json\/wp\/v2\/media?parent=23"}],"curies":[{"name":"wp","href":"https:\/\/api.w.org\/{rel}","templated":true}]}}